{"id":3470,"date":"2025-10-18T16:01:44","date_gmt":"2025-10-18T16:01:44","guid":{"rendered":"https:\/\/matogrossoexportsltdabr.com\/?post_type=product&#038;p=3470"},"modified":"2025-10-18T16:01:44","modified_gmt":"2025-10-18T16:01:44","slug":"brazilian-icumsa-45-sugar","status":"publish","type":"product","link":"https:\/\/matogrossoexportsltdabr.com\/index.php\/product\/brazilian-icumsa-45-sugar\/","title":{"rendered":"BRAZILIAN ICUMSA 45 SUGAR"},"content":{"rendered":"<h2 class=\"font_2 wixui-rich-text__text\">Crystal sugar ICUMSA 45 in bulk<\/h2>\n<p class=\"font_8 wixui-rich-text__text\">Looking for sugar that is unrivaled in purity for your culinary creations or any custom applications? Meet ICUMSA 45, a highly valued ingredient in food and non-food products. The color, consistency, and refined qualities of this grade are second to none.<\/p>\n<p class=\"font_8 wixui-rich-text__text\">With Ango Com\u00e9rcio importa\u00e7\u00e3o e Exporta\u00e7\u00e3o\u00a0LTDA, you can source refined ICUMSA 45 sugar for sale to be used for everything from soft drinks and pastries to skincare products and pharmaceuticals. Regardless of your production scale, we can ship as many bags to your facility as you need.<\/p>\n<h2 class=\"font_2 wixui-rich-text__text\">The purest ICUMSA 45 sugar from Brazil<\/h2>\n<p class=\"font_8 wixui-rich-text__text\">The flawless appearance and sweet taste of ICUMSA 45 are no coincidence. They are the result of precise refining methods during every stage of turning raw sugarcane into fine crystals. Before reaching your facility, sugarcane that later becomes white sugar ICUMSA 45 is cultivated on Brazil\u2019s sun-drenched fields. Then, it is taken through refining procedures to double down on natural sweetness.<\/p>\n<p class=\"font_8 wixui-rich-text__text\">Here\u2019s what you must know about this variety:<\/p>\n<ul class=\"font_8 wixui-rich-text__text\">\n<li class=\"wixui-rich-text__text\">\n<p class=\"font_8 wixui-rich-text__text\">A high-purity grade with 99.8% sucrose content, which lets your sugar work as an ingredient and a standalone product.<\/p>\n<\/li>\n<li class=\"wixui-rich-text__text\">\n<p class=\"font_8 wixui-rich-text__text\">A snow-white color, which is a quality mark that leaves no room for impurities or undesired minerals.<\/p>\n<\/li>\n<li class=\"wixui-rich-text__text\">\n<p class=\"font_8 wixui-rich-text__text\">Fine crystals that easily dissolve in liquids and have an extended shelf life due to low moisture content (around 0.04%).<\/p>\n<\/li>\n<\/ul>\n<p class=\"font_8 wixui-rich-text__text\">You\u2019ll get uniform crystals of the shimmering white color in every bag you order. ICUMSA 45 cane sugar for sale is ready for global distribution.<\/p>\n<h2 class=\"font_2 wixui-rich-text__text\">The perfect ingredient for food and non-food products<\/h2>\n<p class=\"font_8 wixui-rich-text__text\">Its ultra-purity and natural origin make ICUMSA 45 a must-have ingredient across various applications. The use of this type of sugar in the food industry cannot be overestimated. Adding ICUMSA 45 can give pastries and beverages a coveted degree of clean sweetness. It dissolves instantly, leaving no residue or aftertaste.<\/p>\n<p class=\"font_8 wixui-rich-text__text\">Its neutral odor and ease of combining with other substances make this variety a valuable excipient for cosmetic and pharmaceutical industries. If you need large quantities of this grade for non-food production, you can use our website to receive a quote for bulk purchases from the best ICUMSA 45 sugar manufacturers in Brazil.<\/p>\n<p class=\"font_8 wixui-rich-text__text\">Fill out the form above or\u00a0<u class=\"wixui-rich-text__text\">contact us<\/u>\u00a0to obtain purity in crystal form for your culinary or manufacturing endeavors. Whether it\u2019s a one-time or consistent delivery, we guarantee quality and the best wholesale price for Brazilian sugar ICUMSA 45.<\/p>\n","protected":false},"excerpt":{"rendered":"<p>Crystal sugar ICUMSA 45 in bulk Looking for sugar that is unrivaled in purity for your culinary creations or any custom applications? Meet ICUMSA 45, a highly valued ingredient in food and non-food products. The color, consistency, and refined qualities of this grade are second to none. With Ango Com\u00e9rcio importa\u00e7\u00e3o e Exporta\u00e7\u00e3o\u00a0LTDA, you can [&hellip;]<\/p>\n","protected":false},"featured_media":3471,"comment_status":"open","ping_status":"closed","template":"","meta":[],"product_brand":[],"product_cat":[30],"product_tag":[],"class_list":{"0":"post-3470","1":"product","2":"type-product","3":"status-publish","4":"has-post-thumbnail","6":"product_cat-sugar","8":"first","9":"instock","10":"shipping-taxable","11":"product-type-simple"},"_links":{"self":[{"href":"https:\/\/matogrossoexportsltdabr.com\/index.php\/wp-json\/wp\/v2\/product\/3470","targetHints":{"allow":["GET"]}}],"collection":[{"href":"https:\/\/matogrossoexportsltdabr.com\/index.php\/wp-json\/wp\/v2\/product"}],"about":[{"href":"https:\/\/matogrossoexportsltdabr.com\/index.php\/wp-json\/wp\/v2\/types\/product"}],"replies":[{"embeddable":true,"href":"https:\/\/matogrossoexportsltdabr.com\/index.php\/wp-json\/wp\/v2\/comments?post=3470"}],"wp:featuredmedia":[{"embeddable":true,"href":"https:\/\/matogrossoexportsltdabr.com\/index.php\/wp-json\/wp\/v2\/media\/3471"}],"wp:attachment":[{"href":"https:\/\/matogrossoexportsltdabr.com\/index.php\/wp-json\/wp\/v2\/media?parent=3470"}],"wp:term":[{"taxonomy":"product_brand","embeddable":true,"href":"https:\/\/matogrossoexportsltdabr.com\/index.php\/wp-json\/wp\/v2\/product_brand?post=3470"},{"taxonomy":"product_cat","embeddable":true,"href":"https:\/\/matogrossoexportsltdabr.com\/index.php\/wp-json\/wp\/v2\/product_cat?post=3470"},{"taxonomy":"product_tag","embeddable":true,"href":"https:\/\/matogrossoexportsltdabr.com\/index.php\/wp-json\/wp\/v2\/product_tag?post=3470"}],"curies":[{"name":"wp","href":"https:\/\/api.w.org\/{rel}","templated":true}]}}